{"id":7,"date":"2026-04-15T19:00:51","date_gmt":"2026-04-15T22:00:51","guid":{"rendered":"http:\/\/luminacapta.com.br\/?page_id=7"},"modified":"2026-04-15T19:03:16","modified_gmt":"2026-04-15T22:03:16","slug":"lumina-capta","status":"publish","type":"page","link":"https:\/\/luminacapta.com.br\/","title":{"rendered":"Lumina Capta"},"content":{"rendered":"\t\t<div data-elementor-type=\"wp-page\" data-elementor-id=\"7\" class=\"elementor elementor-7\">\n\t\t\t\t<div class=\"elementor-element elementor-element-5dda55dd e-flex e-con-boxed e-con e-parent\" data-id=\"5dda55dd\" data-element_type=\"container\" data-e-type=\"container\" data-settings=\"{&quot;background_background&quot;:&quot;classic&quot;}\">\n\t\t\t\t\t<div class=\"e-con-inner\">\n\t\t<div class=\"elementor-element elementor-element-6433acfd e-con-full e-flex e-con e-child\" data-id=\"6433acfd\" data-element_type=\"container\" data-e-type=\"container\">\n\t\t\t\t<\/div>\n\t\t<div class=\"elementor-element elementor-element-64482c55 e-con-full animated-slow e-flex elementor-invisible e-con e-child\" data-id=\"64482c55\" data-element_type=\"container\" data-e-type=\"container\" data-settings=\"{&quot;animation&quot;:&quot;fadeIn&quot;,&quot;animation_delay&quot;:500}\">\n\t\t\t\t<div class=\"elementor-element elementor-element-6a100ac4 elementor-widget elementor-widget-heading\" data-id=\"6a100ac4\" data-element_type=\"widget\" data-e-type=\"widget\" data-widget_type=\"heading.default\">\n\t\t\t\t\t<h2 class=\"elementor-heading-title elementor-size-default\">Sua cl\u00ednica tem estrutura de alto padr\u00e3o, mas <\/h2>\t\t\t\t<\/div>\n\t\t\t\t<div class=\"elementor-element elementor-element-7ce70757 elementor-widget elementor-widget-heading\" data-id=\"7ce70757\" data-element_type=\"widget\" data-e-type=\"widget\" data-widget_type=\"heading.default\">\n\t\t\t\t\t<h2 class=\"elementor-heading-title elementor-size-default\">atrai pacientes que s\u00f3 buscam pre\u00e7o baixo?<\/h2>\t\t\t\t<\/div>\n\t\t\t\t<div class=\"elementor-element elementor-element-7d8afae4 elementor-widget-divider--view-line elementor-widget elementor-widget-divider\" data-id=\"7d8afae4\" data-element_type=\"widget\" data-e-type=\"widget\" data-widget_type=\"divider.default\">\n\t\t\t\t\t\t\t<div class=\"elementor-divider\">\n\t\t\t<span class=\"elementor-divider-separator\">\n\t\t\t\t\t\t<\/span>\n\t\t<\/div>\n\t\t\t\t\t\t<\/div>\n\t\t\t\t<div class=\"elementor-element elementor-element-ece49ad elementor-widget elementor-widget-heading\" data-id=\"ece49ad\" data-element_type=\"widget\" data-e-type=\"widget\" data-widget_type=\"heading.default\">\n\t\t\t\t\t<h2 class=\"elementor-heading-title elementor-size-default\">Descubra como a<b> m\u00e1quina da Lumina Capta<\/b> filtra curiosos e lota sua agenda com pacientes <b>prontos para fechar tratamentos High-Ticket<\/b>.<\/h2>\t\t\t\t<\/div>\n\t\t\t\t<div class=\"elementor-element elementor-element-2da800e elementor-align-center elementor-mobile-align-justify elementor-widget elementor-widget-button\" data-id=\"2da800e\" data-element_type=\"widget\" data-e-type=\"widget\" data-widget_type=\"button.default\">\n\t\t\t\t\t\t\t\t\t\t<a class=\"elementor-button elementor-button-link elementor-size-sm\" href=\"https:\/\/typebot.co\/my-typebot-vvxr9kd\">\n\t\t\t\t\t\t<span class=\"elementor-button-content-wrapper\">\n\t\t\t\t\t\t\t\t\t<span class=\"elementor-button-text\">Quero Atrair Pacientes Qualificados<\/span>\n\t\t\t\t\t<\/span>\n\t\t\t\t\t<\/a>\n\t\t\t\t\t\t\t\t<\/div>\n\t\t\t\t<\/div>\n\t\t<div class=\"elementor-element elementor-element-4c3f2ac4 e-con-full e-flex e-con e-child\" data-id=\"4c3f2ac4\" data-element_type=\"container\" data-e-type=\"container\">\n\t\t\t\t<\/div>\n\t\t\t\t\t<\/div>\n\t\t\t\t<\/div>\n\t\t<div class=\"elementor-element elementor-element-57ba2465 e-flex e-con-boxed e-con e-parent\" data-id=\"57ba2465\" data-element_type=\"container\" data-e-type=\"container\" data-settings=\"{&quot;background_background&quot;:&quot;classic&quot;}\">\n\t\t\t\t\t<div class=\"e-con-inner\">\n\t\t<div class=\"elementor-element elementor-element-4664d076 e-con-full scroll-right e-flex e-con e-child\" data-id=\"4664d076\" data-element_type=\"container\" data-e-type=\"container\">\n\t\t\t\t<div class=\"elementor-element elementor-element-9c2f843 elementor-widget elementor-widget-heading\" data-id=\"9c2f843\" data-element_type=\"widget\" data-e-type=\"widget\" data-widget_type=\"heading.default\">\n\t\t\t\t\t<h2 class=\"elementor-heading-title elementor-size-default\">Ter 10 mil seguidores<b> n\u00e3o paga as contas da sua cl\u00ednica.<\/b><\/h2>\t\t\t\t<\/div>\n\t\t\t\t<div class=\"elementor-element elementor-element-4b63032a elementor-widget-divider--view-line elementor-widget elementor-widget-divider\" data-id=\"4b63032a\" data-element_type=\"widget\" data-e-type=\"widget\" data-widget_type=\"divider.default\">\n\t\t\t\t\t\t\t<div class=\"elementor-divider\">\n\t\t\t<span class=\"elementor-divider-separator\">\n\t\t\t\t\t\t<\/span>\n\t\t<\/div>\n\t\t\t\t\t\t<\/div>\n\t\t\t\t<div class=\"elementor-element elementor-element-63a88eae elementor-widget elementor-widget-heading\" data-id=\"63a88eae\" data-element_type=\"widget\" data-e-type=\"widget\" data-widget_type=\"heading.default\">\n\t\t\t\t\t<h2 class=\"elementor-heading-title elementor-size-default\">Voc\u00ea<b> investiu anos na sua forma\u00e7\u00e3o<\/b> e <b>construiu um espa\u00e7o incr\u00edvel<\/b>. Mas, todos os dias, sua equipe perde horas respondendo mensagens no WhatsApp de pessoas perguntando \"qual o valor?\" e que<b> simplesmente somem<\/b>. <\/h2>\t\t\t\t<\/div>\n\t\t\t\t<div class=\"elementor-element elementor-element-69dc45a7 elementor-widget elementor-widget-heading\" data-id=\"69dc45a7\" data-element_type=\"widget\" data-e-type=\"widget\" data-widget_type=\"heading.default\">\n\t\t\t\t\t<h2 class=\"elementor-heading-title elementor-size-default\">Depender de posts gen\u00e9ricos no Instagram atrai apenas curiosos, n\u00e3o pacientes de verdade. Voc\u00ea est\u00e1 perdendo tempo e dinheiro.<\/h2>\t\t\t\t<\/div>\n\t\t\t\t<\/div>\n\t\t<div class=\"elementor-element elementor-element-7bc1017c e-con-full e-flex e-con e-child\" data-id=\"7bc1017c\" data-element_type=\"container\" data-e-type=\"container\">\n\t\t\t\t<div class=\"elementor-element elementor-element-51ea22fd elementor-hidden-mobile elementor-widget elementor-widget-spacer\" data-id=\"51ea22fd\" data-element_type=\"widget\" data-e-type=\"widget\" data-widget_type=\"spacer.default\">\n\t\t\t\t\t\t\t<div class=\"elementor-spacer\">\n\t\t\t<div class=\"elementor-spacer-inner\"><\/div>\n\t\t<\/div>\n\t\t\t\t\t\t<\/div>\n\t\t\t\t<div class=\"elementor-element elementor-element-24412840 scroll-left elementor-widget elementor-widget-image\" data-id=\"24412840\" data-element_type=\"widget\" data-e-type=\"widget\" data-widget_type=\"image.default\">\n\t\t\t\t\t\t\t\t\t\t\t\t\t\t\t<img fetchpriority=\"high\" decoding=\"async\" width=\"620\" height=\"889\" src=\"http:\/\/luminacapta.com.br\/wp-content\/uploads\/2026\/04\/image_2026-04-15_004509928.png\" class=\"attachment-large size-large wp-image-11\" alt=\"\" srcset=\"http:\/\/luminacapta.com.br\/wp-content\/uploads\/2026\/04\/image_2026-04-15_004509928.png 620w, http:\/\/luminacapta.com.br\/wp-content\/uploads\/2026\/04\/image_2026-04-15_004509928-209x300.png 209w\" sizes=\"(max-width: 620px) 100vw, 620px\" \/>\t\t\t\t\t\t\t\t\t\t\t\t\t\t\t<\/div>\n\t\t\t\t<div class=\"elementor-element elementor-element-1bc111fc elementor-widget elementor-widget-spacer\" data-id=\"1bc111fc\" data-element_type=\"widget\" data-e-type=\"widget\" data-widget_type=\"spacer.default\">\n\t\t\t\t\t\t\t<div class=\"elementor-spacer\">\n\t\t\t<div class=\"elementor-spacer-inner\"><\/div>\n\t\t<\/div>\n\t\t\t\t\t\t<\/div>\n\t\t\t\t<\/div>\n\t\t\t\t\t<\/div>\n\t\t\t\t<\/div>\n\t\t<div class=\"elementor-element elementor-element-71ba3fa6 e-flex e-con-boxed e-con e-parent\" data-id=\"71ba3fa6\" data-element_type=\"container\" data-e-type=\"container\" data-settings=\"{&quot;background_background&quot;:&quot;classic&quot;}\">\n\t\t\t\t\t<div class=\"e-con-inner\">\n\t\t<div class=\"elementor-element elementor-element-4baed7c8 e-con-full e-flex e-con e-child\" data-id=\"4baed7c8\" data-element_type=\"container\" data-e-type=\"container\">\n\t\t\t\t<div class=\"elementor-element elementor-element-6cafceb2 scroll-right elementor-widget elementor-widget-image\" data-id=\"6cafceb2\" data-element_type=\"widget\" data-e-type=\"widget\" data-widget_type=\"image.default\">\n\t\t\t\t\t\t\t\t\t\t\t\t\t\t\t<img decoding=\"async\" width=\"761\" height=\"897\" src=\"http:\/\/luminacapta.com.br\/wp-content\/uploads\/2026\/04\/image_2026-04-15_012409621.png\" class=\"attachment-large size-large wp-image-12\" alt=\"\" srcset=\"http:\/\/luminacapta.com.br\/wp-content\/uploads\/2026\/04\/image_2026-04-15_012409621.png 761w, http:\/\/luminacapta.com.br\/wp-content\/uploads\/2026\/04\/image_2026-04-15_012409621-255x300.png 255w\" sizes=\"(max-width: 761px) 100vw, 761px\" \/>\t\t\t\t\t\t\t\t\t\t\t\t\t\t\t<\/div>\n\t\t\t\t<\/div>\n\t\t<div class=\"elementor-element elementor-element-43b003a5 e-con-full scroll-left e-flex e-con e-child\" data-id=\"43b003a5\" data-element_type=\"container\" data-e-type=\"container\">\n\t\t\t\t<div class=\"elementor-element elementor-element-635d85c2 elementor-widget elementor-widget-heading\" data-id=\"635d85c2\" data-element_type=\"widget\" data-e-type=\"widget\" data-widget_type=\"heading.default\">\n\t\t\t\t\t<h2 class=\"elementor-heading-title elementor-size-default\">O fim dos curiosos: Um <b>funil exclusivo para Odontologia de Alto Padr\u00e3o.<\/b><\/h2>\t\t\t\t<\/div>\n\t\t\t\t<div class=\"elementor-element elementor-element-1a0c6f9d elementor-widget-divider--view-line elementor-widget elementor-widget-divider\" data-id=\"1a0c6f9d\" data-element_type=\"widget\" data-e-type=\"widget\" data-widget_type=\"divider.default\">\n\t\t\t\t\t\t\t<div class=\"elementor-divider\">\n\t\t\t<span class=\"elementor-divider-separator\">\n\t\t\t\t\t\t<\/span>\n\t\t<\/div>\n\t\t\t\t\t\t<\/div>\n\t\t\t\t<div class=\"elementor-element elementor-element-afa447a elementor-widget elementor-widget-heading\" data-id=\"afa447a\" data-element_type=\"widget\" data-e-type=\"widget\" data-widget_type=\"heading.default\">\n\t\t\t\t\t<h2 class=\"elementor-heading-title elementor-size-default\">N\u00f3s n\u00e3o vendemos \"curtidas\" ou \"gest\u00e3o de redes sociais\". N\u00f3s instalamos uma m\u00e1quina de capta\u00e7\u00e3o validada na sua cl\u00ednica. <\/h2>\t\t\t\t<\/div>\n\t\t\t\t<div class=\"elementor-element elementor-element-5481a561 elementor-widget elementor-widget-heading\" data-id=\"5481a561\" data-element_type=\"widget\" data-e-type=\"widget\" data-widget_type=\"heading.default\">\n\t\t\t\t\t<h2 class=\"elementor-heading-title elementor-size-default\">Nosso sistema filtra o p\u00fablico antes mesmo de chegar ao seu WhatsApp, entregando para a sua secret\u00e1ria apenas pacientes com real poder aquisitivo, prontos para fechar Lentes de Resina, Invisalign e Implantes.<\/h2>\t\t\t\t<\/div>\n\t\t\t\t<\/div>\n\t\t\t\t\t<\/div>\n\t\t\t\t<\/div>\n\t\t<div class=\"elementor-element elementor-element-656f5899 e-flex e-con-boxed e-con e-parent\" data-id=\"656f5899\" data-element_type=\"container\" data-e-type=\"container\" data-settings=\"{&quot;background_background&quot;:&quot;classic&quot;}\">\n\t\t\t\t\t<div class=\"e-con-inner\">\n\t\t<div class=\"elementor-element elementor-element-79631277 e-con-full scroll-right e-flex e-con e-child\" data-id=\"79631277\" data-element_type=\"container\" data-e-type=\"container\">\n\t\t\t\t<div class=\"elementor-element elementor-element-796c3833 elementor-widget elementor-widget-heading\" data-id=\"796c3833\" data-element_type=\"widget\" data-e-type=\"widget\" data-widget_type=\"heading.default\">\n\t\t\t\t\t<h2 class=\"elementor-heading-title elementor-size-default\"> Imagine uma agenda previs\u00edvel, focada apenas em pacientes que valorizam a sua expertise e n\u00e3o pedem desconto.<\/h2>\t\t\t\t<\/div>\n\t\t\t\t<div class=\"elementor-element elementor-element-28c68519 elementor-widget-divider--view-line elementor-widget elementor-widget-divider\" data-id=\"28c68519\" data-element_type=\"widget\" data-e-type=\"widget\" data-widget_type=\"divider.default\">\n\t\t\t\t\t\t\t<div class=\"elementor-divider\">\n\t\t\t<span class=\"elementor-divider-separator\">\n\t\t\t\t\t\t<\/span>\n\t\t<\/div>\n\t\t\t\t\t\t<\/div>\n\t\t\t\t<div class=\"elementor-element elementor-element-26a26ccc elementor-widget elementor-widget-heading\" data-id=\"26a26ccc\" data-element_type=\"widget\" data-e-type=\"widget\" data-widget_type=\"heading.default\">\n\t\t\t\t\t<h2 class=\"elementor-heading-title elementor-size-default\"> Com a Lumina Capta, voc\u00ea retoma o controle do seu tempo, atende quem realmente importa e eleva o faturamento da sua cl\u00ednica para o pr\u00f3ximo n\u00edvel.<\/h2>\t\t\t\t<\/div>\n\t\t\t\t<div class=\"elementor-element elementor-element-497160b5 elementor-align-justify elementor-widget elementor-widget-button\" data-id=\"497160b5\" data-element_type=\"widget\" data-e-type=\"widget\" data-widget_type=\"button.default\">\n\t\t\t\t\t\t\t\t\t\t<a class=\"elementor-button elementor-button-link elementor-size-sm\" href=\"https:\/\/typebot.co\/my-typebot-vvxr9kd\">\n\t\t\t\t\t\t<span class=\"elementor-button-content-wrapper\">\n\t\t\t\t\t\t\t\t\t<span class=\"elementor-button-text\">Quero Atrair Pacientes Qualificados<\/span>\n\t\t\t\t\t<\/span>\n\t\t\t\t\t<\/a>\n\t\t\t\t\t\t\t\t<\/div>\n\t\t\t\t<\/div>\n\t\t<div class=\"elementor-element elementor-element-5926611a e-con-full e-flex e-con e-child\" data-id=\"5926611a\" data-element_type=\"container\" data-e-type=\"container\">\n\t\t\t\t<div class=\"elementor-element elementor-element-4448f0c4 elementor-hidden-mobile elementor-widget elementor-widget-spacer\" data-id=\"4448f0c4\" data-element_type=\"widget\" data-e-type=\"widget\" data-widget_type=\"spacer.default\">\n\t\t\t\t\t\t\t<div class=\"elementor-spacer\">\n\t\t\t<div class=\"elementor-spacer-inner\"><\/div>\n\t\t<\/div>\n\t\t\t\t\t\t<\/div>\n\t\t\t\t<div class=\"elementor-element elementor-element-5fd188d3 scroll-left elementor-widget elementor-widget-image\" data-id=\"5fd188d3\" data-element_type=\"widget\" data-e-type=\"widget\" data-widget_type=\"image.default\">\n\t\t\t\t\t\t\t\t\t\t\t\t\t\t\t<img decoding=\"async\" width=\"620\" height=\"818\" src=\"http:\/\/luminacapta.com.br\/wp-content\/uploads\/2026\/04\/image_2026-04-15_012559523.png\" class=\"attachment-large size-large wp-image-13\" alt=\"\" srcset=\"http:\/\/luminacapta.com.br\/wp-content\/uploads\/2026\/04\/image_2026-04-15_012559523.png 620w, http:\/\/luminacapta.com.br\/wp-content\/uploads\/2026\/04\/image_2026-04-15_012559523-227x300.png 227w\" sizes=\"(max-width: 620px) 100vw, 620px\" \/>\t\t\t\t\t\t\t\t\t\t\t\t\t\t\t<\/div>\n\t\t\t\t<div class=\"elementor-element elementor-element-35fcb360 elementor-hidden-mobile elementor-widget elementor-widget-spacer\" data-id=\"35fcb360\" data-element_type=\"widget\" data-e-type=\"widget\" data-widget_type=\"spacer.default\">\n\t\t\t\t\t\t\t<div class=\"elementor-spacer\">\n\t\t\t<div class=\"elementor-spacer-inner\"><\/div>\n\t\t<\/div>\n\t\t\t\t\t\t<\/div>\n\t\t\t\t<\/div>\n\t\t\t\t\t<\/div>\n\t\t\t\t<\/div>\n\t\t<div class=\"elementor-element elementor-element-18a68be3 e-flex e-con-boxed e-con e-parent\" data-id=\"18a68be3\" data-element_type=\"container\" data-e-type=\"container\" data-settings=\"{&quot;background_background&quot;:&quot;classic&quot;}\">\n\t\t\t\t\t<div class=\"e-con-inner\">\n\t\t\t\t<div class=\"elementor-element elementor-element-54923068 elementor-widget elementor-widget-spacer\" data-id=\"54923068\" data-element_type=\"widget\" data-e-type=\"widget\" data-widget_type=\"spacer.default\">\n\t\t\t\t\t\t\t<div class=\"elementor-spacer\">\n\t\t\t<div class=\"elementor-spacer-inner\"><\/div>\n\t\t<\/div>\n\t\t\t\t\t\t<\/div>\n\t\t\t\t\t<\/div>\n\t\t\t\t<\/div>\n\t\t<div class=\"elementor-element elementor-element-6875c6ae e-flex e-con-boxed e-con e-parent\" data-id=\"6875c6ae\" data-element_type=\"container\" data-e-type=\"container\" data-settings=\"{&quot;background_background&quot;:&quot;classic&quot;}\">\n\t\t\t\t\t<div class=\"e-con-inner\">\n\t\t<div class=\"elementor-element elementor-element-7b8c28ec e-con-full e-flex e-con e-child\" data-id=\"7b8c28ec\" data-element_type=\"container\" data-e-type=\"container\">\n\t\t<div class=\"elementor-element elementor-element-2d574786 e-con-full e-flex e-con e-child\" data-id=\"2d574786\" data-element_type=\"container\" data-e-type=\"container\">\n\t\t\t\t<div class=\"elementor-element elementor-element-1acdb4af elementor-widget elementor-widget-image\" data-id=\"1acdb4af\" data-element_type=\"widget\" data-e-type=\"widget\" data-widget_type=\"image.default\">\n\t\t\t\t\t\t\t\t\t\t\t\t\t\t\t<img loading=\"lazy\" decoding=\"async\" width=\"742\" height=\"768\" src=\"http:\/\/luminacapta.com.br\/wp-content\/uploads\/2026\/04\/LOGOXSX.png\" class=\"attachment-large size-large wp-image-14\" alt=\"\" srcset=\"http:\/\/luminacapta.com.br\/wp-content\/uploads\/2026\/04\/LOGOXSX.png 742w, http:\/\/luminacapta.com.br\/wp-content\/uploads\/2026\/04\/LOGOXSX-290x300.png 290w\" sizes=\"(max-width: 742px) 100vw, 742px\" \/>\t\t\t\t\t\t\t\t\t\t\t\t\t\t\t<\/div>\n\t\t\t\t<\/div>\n\t\t<div class=\"elementor-element elementor-element-5d749ca0 e-con-full e-flex e-con e-child\" data-id=\"5d749ca0\" data-element_type=\"container\" data-e-type=\"container\">\n\t\t\t\t<div class=\"elementor-element elementor-element-445d9e52 elementor-widget elementor-widget-heading\" data-id=\"445d9e52\" data-element_type=\"widget\" data-e-type=\"widget\" data-widget_type=\"heading.default\">\n\t\t\t\t\t<h2 class=\"elementor-heading-title elementor-size-default\">Termos de Uso e Pol\u00edtica de Privacidade<\/h2>\t\t\t\t<\/div>\n\t\t\t\t<\/div>\n\t\t<div class=\"elementor-element elementor-element-6f06f684 e-con-full e-flex e-con e-child\" data-id=\"6f06f684\" data-element_type=\"container\" data-e-type=\"container\">\n\t\t\t\t<div class=\"elementor-element elementor-element-5da5cf88 elementor-shape-rounded elementor-grid-0 e-grid-align-center elementor-widget elementor-widget-social-icons\" data-id=\"5da5cf88\" data-element_type=\"widget\" data-e-type=\"widget\" data-widget_type=\"social-icons.default\">\n\t\t\t\t\t\t\t<div class=\"elementor-social-icons-wrapper elementor-grid\" role=\"list\">\n\t\t\t\t\t\t\t<span class=\"elementor-grid-item\" role=\"listitem\">\n\t\t\t\t\t<a class=\"elementor-icon elementor-social-icon elementor-social-icon-facebook elementor-repeater-item-926af59\" href=\"https:\/\/www.facebook.com\/profile.php?id=61573299043620\" target=\"_blank\">\n\t\t\t\t\t\t<span class=\"elementor-screen-only\">Facebook<\/span>\n\t\t\t\t\t\t<svg aria-hidden=\"true\" class=\"e-font-icon-svg e-fab-facebook\" viewBox=\"0 0 512 512\" xmlns=\"http:\/\/www.w3.org\/2000\/svg\"><path d=\"M504 256C504 119 393 8 256 8S8 119 8 256c0 123.78 90.69 226.38 209.25 245V327.69h-63V256h63v-54.64c0-62.15 37-96.48 93.67-96.48 27.14 0 55.52 4.84 55.52 4.84v61h-31.28c-30.8 0-40.41 19.12-40.41 38.73V256h68.78l-11 71.69h-57.78V501C413.31 482.38 504 379.78 504 256z\"><\/path><\/svg>\t\t\t\t\t<\/a>\n\t\t\t\t<\/span>\n\t\t\t\t\t\t\t<span class=\"elementor-grid-item\" role=\"listitem\">\n\t\t\t\t\t<a class=\"elementor-icon elementor-social-icon elementor-social-icon-instagram elementor-repeater-item-b0ce51a\" href=\"https:\/\/www.instagram.com\/luminacapta\/\" target=\"_blank\">\n\t\t\t\t\t\t<span class=\"elementor-screen-only\">Instagram<\/span>\n\t\t\t\t\t\t<svg aria-hidden=\"true\" class=\"e-font-icon-svg e-fab-instagram\" viewBox=\"0 0 448 512\" xmlns=\"http:\/\/www.w3.org\/2000\/svg\"><path d=\"M224.1 141c-63.6 0-114.9 51.3-114.9 114.9s51.3 114.9 114.9 114.9S339 319.5 339 255.9 287.7 141 224.1 141zm0 189.6c-41.1 0-74.7-33.5-74.7-74.7s33.5-74.7 74.7-74.7 74.7 33.5 74.7 74.7-33.6 74.7-74.7 74.7zm146.4-194.3c0 14.9-12 26.8-26.8 26.8-14.9 0-26.8-12-26.8-26.8s12-26.8 26.8-26.8 26.8 12 26.8 26.8zm76.1 27.2c-1.7-35.9-9.9-67.7-36.2-93.9-26.2-26.2-58-34.4-93.9-36.2-37-2.1-147.9-2.1-184.9 0-35.8 1.7-67.6 9.9-93.9 36.1s-34.4 58-36.2 93.9c-2.1 37-2.1 147.9 0 184.9 1.7 35.9 9.9 67.7 36.2 93.9s58 34.4 93.9 36.2c37 2.1 147.9 2.1 184.9 0 35.9-1.7 67.7-9.9 93.9-36.2 26.2-26.2 34.4-58 36.2-93.9 2.1-37 2.1-147.8 0-184.8zM398.8 388c-7.8 19.6-22.9 34.7-42.6 42.6-29.5 11.7-99.5 9-132.1 9s-102.7 2.6-132.1-9c-19.6-7.8-34.7-22.9-42.6-42.6-11.7-29.5-9-99.5-9-132.1s-2.6-102.7 9-132.1c7.8-19.6 22.9-34.7 42.6-42.6 29.5-11.7 99.5-9 132.1-9s102.7-2.6 132.1 9c19.6 7.8 34.7 22.9 42.6 42.6 11.7 29.5 9 99.5 9 132.1s2.7 102.7-9 132.1z\"><\/path><\/svg>\t\t\t\t\t<\/a>\n\t\t\t\t<\/span>\n\t\t\t\t\t<\/div>\n\t\t\t\t\t\t<\/div>\n\t\t\t\t<\/div>\n\t\t\t\t<\/div>\n\t\t\t\t\t<\/div>\n\t\t\t\t<\/div>\n\t\t<div class=\"elementor-element elementor-element-466d48dc e-flex e-con-boxed e-con e-parent\" data-id=\"466d48dc\" data-element_type=\"container\" data-e-type=\"container\">\n\t\t\t\t\t<div class=\"e-con-inner\">\n\t\t\t\t<div class=\"elementor-element elementor-element-50c7e78f elementor-widget elementor-widget-html\" data-id=\"50c7e78f\" data-element_type=\"widget\" data-e-type=\"widget\" data-widget_type=\"html.default\">\n\t\t\t\t\t<script src=\"https:\/\/unpkg.com\/lenis@1.3.1\/dist\/lenis.min.js\"><\/script>\r\n<script>\r\nconst lenis = new Lenis({\r\n  autoRaf: true,\r\n  duration: 2,\r\n});\r\n<\/script>\t\t\t\t<\/div>\n\t\t\t\t\t<\/div>\n\t\t\t\t<\/div>\n\t\t<div class=\"elementor-element elementor-element-240aa3be e-flex e-con-boxed e-con e-parent\" data-id=\"240aa3be\" data-element_type=\"container\" data-e-type=\"container\">\n\t\t\t\t\t<div class=\"e-con-inner\">\n\t\t\t\t<div class=\"elementor-element elementor-element-4c4f1bf8 elementor-widget elementor-widget-html\" data-id=\"4c4f1bf8\" data-element_type=\"widget\" data-e-type=\"widget\" data-widget_type=\"html.default\">\n\t\t\t\t\t<script>\r\nconst elementos = document.querySelectorAll(\".scroll-left, .scroll-left2, .scroll-right, .scroll-right2, .scroll-top, .scroll-top2, .scroll-bottom, .scroll-bottom2, .scroll-escala, .scroll-txt, .perspectivax\");\r\nfunction fadeScroll() {\r\n  const alturaJanela = window.innerHeight;\r\n\r\n  elementos.forEach(elemento => {\r\n    const elementoTop = elemento.getBoundingClientRect().top;\r\n    if (elementoTop < alturaJanela * 0.85) {\r\n      elemento.classList.add(\"ativo7\");\r\n    } else {\r\n      elemento.classList.remove(\"ativo7\");\r\n    }\r\n  });\r\n}\r\nfadeScroll();\r\nwindow.addEventListener(\"scroll\", fadeScroll);\r\n<\/script>\r\n<style>\r\n.scroll-txt{\r\n    letter-spacing: -1.2em !important;\r\n    filter: blur(5px);\r\n    opacity: 0;\r\n    transition: 1.8s cubic-bezier(0.250, 0.460, 0.450, 0.940) !important;\r\n}\r\n.ativo7.scroll-txt {\r\n    letter-spacing: 0em !important;\r\n    filter: blur(0px);\r\n    opacity: 1;\r\n    transition: 1.2s cubic-bezier(0.250, 0.460, 0.450, 0.940) !important;\r\n    transition-delay: 0s !important;\r\n}\r\n.perspectivax {\r\n    transition: 5s !important;\r\n    transform: perspective(100rem) translate3d(0, 0, -5rem) rotateX(-90deg) scale(1, 1);\r\n}\r\n.ativo7.perspectivax {\r\n    transition: 5s !important;\r\n    transform: perspective(100rem) translate3d(0, 0, -5rem) rotateX(0deg) scale(1, 1);\r\n}\r\n.scroll-left {\r\n    opacity: 0;\r\n    transition: 1s !important;\r\n    filter: blur(10px);\r\n    transform: translate(-30px, 0);\r\n}\r\n.scroll-left2 {\r\n    opacity: 0;\r\n    transition: 0.3s !important;\r\n    transform: translate(-30px, 0);\r\n}\r\n.scroll-right {\r\n    opacity: 0;\r\n    transition: 1s !important;\r\n    filter: blur(10px);\r\n    transform: translate(30px, 0);\r\n}\r\n.scroll-right2 {\r\n    opacity: 0;\r\n    transition: 0.3s !important;\r\n    transform: translate(30px, 0);\r\n}\r\n.scroll-bottom {\r\n    opacity: 0;\r\n    transition: 1s !important;\r\n    filter: blur(10px);\r\n    transform: translate(0, -30px);\r\n}\r\n.scroll-bottom2 {\r\n    opacity: 0;\r\n    transition: 0.3s !important;\r\n    transform: translate(0, -30px);\r\n}\r\n.scroll-top {\r\n    opacity: 0;\r\n    transition: 1s !important;\r\n    filter: blur(5px);\r\n    transform: translate(0, 30px);\r\n}\r\n.scroll-top2 {\r\n    opacity: 0;\r\n    transition: 0.3s !important;\r\n    transform: translate(0, 30px);\r\n}\r\n\r\n.scroll-escala {\r\n    opacity: 0;\r\n    transition: 1s !important;\r\n    filter: blur(10px);\r\n    transform: scale(2);\r\n}\r\n\r\n.ativo7 {\r\n    opacity: 1;\r\n    transition: 1s;\r\n    filter: blur(0px);\r\n    transform: translate(0, 0px) scale(1);\r\n    transition-delay: 0s !important;\r\n}\r\n<\/style>\t\t\t\t<\/div>\n\t\t\t\t\t<\/div>\n\t\t\t\t<\/div>\n\t\t\t\t<\/div>\n\t\t","protected":false},"excerpt":{"rendered":"<p>Sua cl\u00ednica tem estrutura de alto padr\u00e3o, mas atrai pacientes que s\u00f3 buscam pre\u00e7o baixo? Descubra como a m\u00e1quina da Lumina Capta filtra curiosos e lota sua agenda com pacientes prontos para fechar tratamentos High-Ticket. Quero Atrair Pacientes Qualificados Ter 10 mil seguidores n\u00e3o paga as contas da sua cl\u00ednica. Voc\u00ea investiu anos na sua [&hellip;]<\/p>\n","protected":false},"author":1,"featured_media":0,"parent":0,"menu_order":0,"comment_status":"closed","ping_status":"closed","template":"elementor_canvas","meta":{"footnotes":""},"class_list":["post-7","page","type-page","status-publish","hentry"],"_links":{"self":[{"href":"https:\/\/luminacapta.com.br\/index.php\/wp-json\/wp\/v2\/pages\/7","targetHints":{"allow":["GET"]}}],"collection":[{"href":"https:\/\/luminacapta.com.br\/index.php\/wp-json\/wp\/v2\/pages"}],"about":[{"href":"https:\/\/luminacapta.com.br\/index.php\/wp-json\/wp\/v2\/types\/page"}],"author":[{"embeddable":true,"href":"https:\/\/luminacapta.com.br\/index.php\/wp-json\/wp\/v2\/users\/1"}],"replies":[{"embeddable":true,"href":"https:\/\/luminacapta.com.br\/index.php\/wp-json\/wp\/v2\/comments?post=7"}],"version-history":[{"count":10,"href":"https:\/\/luminacapta.com.br\/index.php\/wp-json\/wp\/v2\/pages\/7\/revisions"}],"predecessor-version":[{"id":26,"href":"https:\/\/luminacapta.com.br\/index.php\/wp-json\/wp\/v2\/pages\/7\/revisions\/26"}],"wp:attachment":[{"href":"https:\/\/luminacapta.com.br\/index.php\/wp-json\/wp\/v2\/media?parent=7"}],"curies":[{"name":"wp","href":"https:\/\/api.w.org\/{rel}","templated":true}]}}